{"id":209,"date":"2024-11-19T16:21:31","date_gmt":"2024-11-19T16:21:31","guid":{"rendered":"http:\/\/puntocasa.local\/?page_id=209"},"modified":"2025-07-03T15:38:31","modified_gmt":"2025-07-03T15:38:31","slug":"servizi","status":"publish","type":"page","link":"https:\/\/tamiazzodesign.it\/projects\/puntocasa\/servizi\/","title":{"rendered":"Servizi"},"content":{"rendered":"\n<div class=\"wp-block-cover alignfull\" style=\"min-height:500px;aspect-ratio:unset;\"><img loading=\"lazy\" decoding=\"async\" width=\"1500\" height=\"1001\" class=\"wp-block-cover__image-background wp-image-210\" alt=\"\" src=\"https:\/\/tamiazzodesign.it\/projects\/puntocasa\/wp-content\/uploads\/2024\/11\/Chisura-contratto.webp\" data-object-fit=\"cover\" srcset=\"https:\/\/tamiazzodesign.it\/projects\/puntocasa\/wp-content\/uploads\/2024\/11\/Chisura-contratto.webp 1500w, https:\/\/tamiazzodesign.it\/projects\/puntocasa\/wp-content\/uploads\/2024\/11\/Chisura-contratto-300x200.webp 300w, https:\/\/tamiazzodesign.it\/projects\/puntocasa\/wp-content\/uploads\/2024\/11\/Chisura-contratto-1024x683.webp 1024w, https:\/\/tamiazzodesign.it\/projects\/puntocasa\/wp-content\/uploads\/2024\/11\/Chisura-contratto-768x513.webp 768w\" sizes=\"auto, (max-width: 1500px) 100vw, 1500px\" \/><span aria-hidden=\"true\" class=\"wp-block-cover__background has-black-background-color has-background-dim-60 has-background-dim\"><\/span><div class=\"wp-block-cover__inner-container is-layout-constrained wp-block-cover-is-layout-constrained\">\n<h1 class=\"wp-block-heading has-text-align-center has-x-large-font-size\">Servizi<\/h1>\n<\/div><\/div>\n\n\n\n<div class=\"wp-block-group is-layout-constrained wp-block-group-is-layout-constrained\">\n<div style=\"height:100px\" aria-hidden=\"true\" class=\"wp-block-spacer\"><\/div>\n\n\n\n<h3 class=\"wp-block-heading has-text-align-center has-large-font-size\" style=\"font-style:normal;font-weight:100\">Che tu stia <mark style=\"background-color:rgba(0, 0, 0, 0)\" class=\"has-inline-color has-link-color-color\">cercando la casa dei tuoi sogni<\/mark>, voglia vendere il tuo immobile, o necessiti di assistenza <mark style=\"background-color:rgba(0, 0, 0, 0)\" class=\"has-inline-color has-link-color-color\">per affitti o investimenti<\/mark>, il nostro team di esperti \u00e8 pronto ad accompagnarti in ogni fase del processo, con competenza e professionalit\u00e0.<\/h3>\n\n\n\n<div class=\"wp-block-buttons is-content-justification-center is-layout-flex wp-container-core-buttons-is-layout-a89b3969 wp-block-buttons-is-layout-flex\">\n<div class=\"wp-block-button has-custom-width wp-block-button__width-50 is-style-fill\"><a class=\"wp-block-button__link wp-element-button\" style=\"border-radius:0px;text-transform:uppercase\">contattaci ora<\/a><\/div>\n<\/div>\n\n\n\n<div style=\"height:100px\" aria-hidden=\"true\" class=\"wp-block-spacer\"><\/div>\n<\/div>\n\n\n\n<div class=\"wp-block-media-text alignwide is-stacked-on-mobile\"><figure class=\"wp-block-media-text__media\"><img loading=\"lazy\" decoding=\"async\" width=\"1024\" height=\"683\" src=\"https:\/\/tamiazzodesign.it\/projects\/puntocasa\/wp-content\/uploads\/2024\/11\/charlesdeluvio-Lks7vei-eAg-unsplash-1-1024x683.jpg\" alt=\"\" class=\"wp-image-66 size-full\" srcset=\"https:\/\/tamiazzodesign.it\/projects\/puntocasa\/wp-content\/uploads\/2024\/11\/charlesdeluvio-Lks7vei-eAg-unsplash-1-1024x683.jpg 1024w, https:\/\/tamiazzodesign.it\/projects\/puntocasa\/wp-content\/uploads\/2024\/11\/charlesdeluvio-Lks7vei-eAg-unsplash-1-300x200.jpg 300w, https:\/\/tamiazzodesign.it\/projects\/puntocasa\/wp-content\/uploads\/2024\/11\/charlesdeluvio-Lks7vei-eAg-unsplash-1-768x512.jpg 768w, https:\/\/tamiazzodesign.it\/projects\/puntocasa\/wp-content\/uploads\/2024\/11\/charlesdeluvio-Lks7vei-eAg-unsplash-1.jpg 1462w\" sizes=\"auto, (max-width: 1024px) 100vw, 1024px\" \/><\/figure><div class=\"wp-block-media-text__content\">\n<div style=\"height:100px\" aria-hidden=\"true\" class=\"wp-block-spacer\"><\/div>\n\n\n\n<h3 class=\"wp-block-heading\">La Nostra Storia<\/h3>\n\n\n\n<p>Fondata nel 1998, <strong><mark style=\"background-color:rgba(0, 0, 0, 0)\" class=\"has-inline-color has-link-color-color\">Punto casa<\/mark> <\/strong> nasce con l&#8217;idea di offrire un servizio innovativo e personalizzato nel mercato immobiliare.<\/p>\n\n\n\n<p>Con una solida esperienza nel settore e una profonda conoscenza del territorio, siamo riusciti a costruire una reputazione basata su affidabilit\u00e0, trasparenza e successo.<\/p>\n\n\n\n<div style=\"height:100px\" aria-hidden=\"true\" class=\"wp-block-spacer\"><\/div>\n<\/div><\/div>\n\n\n\n<div style=\"height:100px\" aria-hidden=\"true\" class=\"wp-block-spacer\"><\/div>\n\n\n\n<hr class=\"wp-block-separator has-alpha-channel-opacity\"\/>\n\n\n\n<h3 class=\"wp-block-heading has-text-align-center has-x-large-font-size\" style=\"font-style:normal;font-weight:100\"><strong>I Nostri Servizi Immobiliari<\/strong><\/h3>\n\n\n\n<p class=\"has-text-align-center has-link-color-color has-text-color has-link-color has-medium-font-size wp-elements-1598ffbf5187dba6277472b8541596f0\" style=\"text-transform:uppercase\">I nostri servizi<\/p>\n\n\n\n<div style=\"height:50px\" aria-hidden=\"true\" class=\"wp-block-spacer\"><\/div>\n\n\n\n<div class=\"wp-block-columns alignwide is-layout-flex wp-container-core-columns-is-layout-28f84493 wp-block-columns-is-layout-flex\">\n<div class=\"wp-block-column is-layout-flow wp-block-column-is-layout-flow\" style=\"padding-top:var(--wp--preset--spacing--30);padding-right:var(--wp--preset--spacing--30);padding-bottom:var(--wp--preset--spacing--30);padding-left:var(--wp--preset--spacing--30);box-shadow:var(--wp--preset--shadow--natural)\">\n<h3 class=\"wp-block-heading\">Vendita e Acquisto di Immobili<\/h3>\n\n\n\n<p style=\"padding-left:0\">Se desideri vendere il tuo immobile, il nostro obiettivo \u00e8 aiutarti a ottenere il miglior prezzo possibile nel minor tempo. Offriamo una valutazione accurata del valore di mercato della tua propriet\u00e0, utilizzando le pi\u00f9 moderne tecniche di analisi del mercato.<\/p>\n<\/div>\n\n\n\n<div class=\"wp-block-column is-layout-flow wp-block-column-is-layout-flow\" style=\"padding-top:var(--wp--preset--spacing--30);padding-right:var(--wp--preset--spacing--30);padding-bottom:var(--wp--preset--spacing--30);padding-left:var(--wp--preset--spacing--30);box-shadow:var(--wp--preset--shadow--natural)\">\n<h3 class=\"wp-block-heading\"><strong>Acquisto di Immobili<\/strong><\/h3>\n\n\n\n<p style=\"padding-left:0\">Stai cercando la casa dei tuoi sogni o un investimento immobiliare? Con la nostra esperienza nel mercato locale, ti aiutiamo a trovare la soluzione ideale per te, che si tratti di una casa, un appartamento o un immobile commerciale.<\/p>\n<\/div>\n\n\n\n<div class=\"wp-block-column is-layout-flow wp-block-column-is-layout-flow\" style=\"padding-top:var(--wp--preset--spacing--30);padding-right:var(--wp--preset--spacing--30);padding-bottom:var(--wp--preset--spacing--30);padding-left:var(--wp--preset--spacing--30);box-shadow:var(--wp--preset--shadow--natural)\">\n<h3 class=\"wp-block-heading\">Affitti Residenziali e Commerciali<\/h3>\n\n\n\n<p style=\"padding-left:0\">Se desideri affittare una propriet\u00e0, sia essa residenziale o commerciale, offriamo un servizio completo che include la gestione della ricerca degli inquilini, la negoziazione dei contratti e l\u2019assistenza durante tutta la durata dell\u2019affitto.<\/p>\n<\/div>\n\n\n\n<div class=\"wp-block-column is-layout-flow wp-block-column-is-layout-flow\" style=\"padding-top:var(--wp--preset--spacing--30);padding-right:var(--wp--preset--spacing--30);padding-bottom:var(--wp--preset--spacing--30);padding-left:var(--wp--preset--spacing--30);box-shadow:var(--wp--preset--shadow--natural)\">\n<h3 class=\"wp-block-heading\">Valutazioni Immobiliari<\/h3>\n\n\n\n<p style=\"padding-left:0\">Se hai bisogno di conoscere il valore attuale del tuo immobile, che sia per una vendita, un acquisto o un investimento, offriamo un servizio di <strong>valutazione professionale e gratuita<\/strong>. Le nostre stime si basano su una conoscenza approfondita del mercato locale e su analisi comparabili di propriet\u00e0 simili.<\/p>\n<\/div>\n<\/div>\n\n\n\n<div style=\"height:100px\" aria-hidden=\"true\" class=\"wp-block-spacer\"><\/div>\n\n\n\n<div class=\"wp-block-cover alignfull\" style=\"min-height:500px;aspect-ratio:unset;\"><img loading=\"lazy\" decoding=\"async\" width=\"1500\" height=\"1000\" class=\"wp-block-cover__image-background wp-image-211\" alt=\"\" src=\"https:\/\/tamiazzodesign.it\/projects\/puntocasa\/wp-content\/uploads\/2024\/11\/2149385435.webp\" data-object-fit=\"cover\" srcset=\"https:\/\/tamiazzodesign.it\/projects\/puntocasa\/wp-content\/uploads\/2024\/11\/2149385435.webp 1500w, https:\/\/tamiazzodesign.it\/projects\/puntocasa\/wp-content\/uploads\/2024\/11\/2149385435-300x200.webp 300w, https:\/\/tamiazzodesign.it\/projects\/puntocasa\/wp-content\/uploads\/2024\/11\/2149385435-1024x683.webp 1024w, https:\/\/tamiazzodesign.it\/projects\/puntocasa\/wp-content\/uploads\/2024\/11\/2149385435-768x512.webp 768w\" sizes=\"auto, (max-width: 1500px) 100vw, 1500px\" \/><span aria-hidden=\"true\" class=\"wp-block-cover__background has-black-background-color has-background-dim-60 has-background-dim\"><\/span><div class=\"wp-block-cover__inner-container is-layout-constrained wp-block-cover-is-layout-constrained\">\n<h2 class=\"wp-block-heading has-text-align-center has-light-gray-color has-text-color has-link-color has-large-font-size wp-elements-2f6ca249d1ce046d2254938a665092ca\">Fatti guidare nella tua scelta da noi <mark style=\"background-color:rgba(0, 0, 0, 0)\" class=\"has-inline-color has-light-gray-color\">!<\/mark><\/h2>\n<\/div><\/div>\n\n\n\n<div style=\"height:50px\" aria-hidden=\"true\" class=\"wp-block-spacer\"><\/div>\n\n\n\n<div class=\"wp-block-columns is-layout-flex wp-container-core-columns-is-layout-28f84493 wp-block-columns-is-layout-flex\">\n<div class=\"wp-block-column is-layout-flow wp-block-column-is-layout-flow\" style=\"padding-top:var(--wp--preset--spacing--30);padding-right:var(--wp--preset--spacing--30);padding-bottom:var(--wp--preset--spacing--30);padding-left:var(--wp--preset--spacing--30);box-shadow:var(--wp--preset--shadow--natural)\">\n<h3 class=\"wp-block-heading\">Esperienza e Competenza<\/h3>\n\n\n\n<p style=\"padding-left:0\">Con oltre <strong><mark style=\"background-color:rgba(0, 0, 0, 0)\" class=\"has-inline-color has-link-color-color\">30<\/mark><\/strong> anni nel settore, siamo in grado di offrire soluzioni efficaci e tempestive per ogni tipo di richiesta.<\/p>\n<\/div>\n\n\n\n<div class=\"wp-block-column is-layout-flow wp-block-column-is-layout-flow\" style=\"padding-top:var(--wp--preset--spacing--30);padding-right:var(--wp--preset--spacing--30);padding-bottom:var(--wp--preset--spacing--30);padding-left:var(--wp--preset--spacing--30);box-shadow:var(--wp--preset--shadow--natural)\">\n<h3 class=\"wp-block-heading\">Conoscenza del Mercato<\/h3>\n\n\n\n<p style=\"padding-left:0\">Conoscendo profondamente il mercato locale, siamo in grado di guidarti verso le migliori opportunit\u00e0, sia che tu stia cercando la tua casa ideale, sia che tu voglia investire nel settore immobiliare.<\/p>\n<\/div>\n\n\n\n<div class=\"wp-block-column is-layout-flow wp-block-column-is-layout-flow\" style=\"padding-top:var(--wp--preset--spacing--30);padding-right:var(--wp--preset--spacing--30);padding-bottom:var(--wp--preset--spacing--30);padding-left:var(--wp--preset--spacing--30);box-shadow:var(--wp--preset--shadow--natural)\">\n<h3 class=\"wp-block-heading\">Servizio Personalizzato<\/h3>\n\n\n\n<p style=\"padding-left:0\">Ogni cliente ha esigenze uniche. Il nostro obiettivo \u00e8 ascoltare e comprendere ogni tua necessit\u00e0 per offrirti la soluzione pi\u00f9 adatta.<\/p>\n<\/div>\n<\/div>\n\n\n\n<div style=\"height:100px\" aria-hidden=\"true\" class=\"wp-block-spacer\"><\/div>\n\n\n\n<div class=\"wp-block-group is-layout-constrained wp-block-group-is-layout-constrained\">\n<div style=\"height:100px\" aria-hidden=\"true\" class=\"wp-block-spacer\"><\/div>\n\n\n\n<h3 class=\"wp-block-heading has-text-align-center has-large-font-size\" style=\"font-style:normal;font-weight:100\"><mark style=\"background-color:rgba(0, 0, 0, 0)\" class=\"has-inline-color has-link-color-color\"><strong>Contattaci oggi stesso<\/strong> <\/mark>per una consulenza gratuita o per scoprire come possiamo aiutarti a realizzare il tuo progetto immobiliare. Il<\/h3>\n\n\n\n<div class=\"wp-block-buttons is-content-justification-center is-layout-flex wp-container-core-buttons-is-layout-a89b3969 wp-block-buttons-is-layout-flex\">\n<div class=\"wp-block-button has-custom-width wp-block-button__width-50 is-style-fill\"><a class=\"wp-block-button__link wp-element-button\" style=\"border-radius:0px;text-transform:uppercase\">Contattaci ora<\/a><\/div>\n<\/div>\n\n\n\n<div style=\"height:100px\" aria-hidden=\"true\" class=\"wp-block-spacer\"><\/div>\n<\/div>\n\n\n\n<div style=\"height:30px\" aria-hidden=\"true\" class=\"wp-block-spacer\"><\/div>\n","protected":false},"excerpt":{"rendered":"<p>Che tu stia cercando la casa dei tuoi sogni, voglia vendere il tuo immobile, o necessiti di assistenza per affitti o investimenti, il nostro team di esperti \u00e8 pronto ad accompagnarti in ogni fase del processo, con competenza e professionalit\u00e0. I Nostri Servizi Immobiliari I nostri servizi Vendita e Acquisto di Immobili Se desideri vendere [&hellip;]<\/p>\n","protected":false},"author":1,"featured_media":0,"parent":0,"menu_order":0,"comment_status":"closed","ping_status":"closed","template":"page-templates\/menu-trasparent.php","meta":{"_acf_changed":false,"footnotes":""},"class_list":["post-209","page","type-page","status-publish","hentry"],"acf":[],"_links":{"self":[{"href":"https:\/\/tamiazzodesign.it\/projects\/puntocasa\/wp-json\/wp\/v2\/pages\/209","targetHints":{"allow":["GET"]}}],"collection":[{"href":"https:\/\/tamiazzodesign.it\/projects\/puntocasa\/wp-json\/wp\/v2\/pages"}],"about":[{"href":"https:\/\/tamiazzodesign.it\/projects\/puntocasa\/wp-json\/wp\/v2\/types\/page"}],"author":[{"embeddable":true,"href":"https:\/\/tamiazzodesign.it\/projects\/puntocasa\/wp-json\/wp\/v2\/users\/1"}],"replies":[{"embeddable":true,"href":"https:\/\/tamiazzodesign.it\/projects\/puntocasa\/wp-json\/wp\/v2\/comments?post=209"}],"version-history":[{"count":8,"href":"https:\/\/tamiazzodesign.it\/projects\/puntocasa\/wp-json\/wp\/v2\/pages\/209\/revisions"}],"predecessor-version":[{"id":280,"href":"https:\/\/tamiazzodesign.it\/projects\/puntocasa\/wp-json\/wp\/v2\/pages\/209\/revisions\/280"}],"wp:attachment":[{"href":"https:\/\/tamiazzodesign.it\/projects\/puntocasa\/wp-json\/wp\/v2\/media?parent=209"}],"curies":[{"name":"wp","href":"https:\/\/api.w.org\/{rel}","templated":true}]}}