{"id":179,"date":"2024-11-19T15:15:05","date_gmt":"2024-11-19T15:15:05","guid":{"rendered":"http:\/\/puntocasa.local\/?page_id=179"},"modified":"2024-11-19T16:08:28","modified_gmt":"2024-11-19T16:08:28","slug":"chi-siamo","status":"publish","type":"page","link":"https:\/\/tamiazzodesign.it\/projects\/puntocasa\/chi-siamo\/","title":{"rendered":"About"},"content":{"rendered":"\n<div class=\"wp-block-cover alignfull\" style=\"min-height:500px;aspect-ratio:unset;\"><span aria-hidden=\"true\" class=\"wp-block-cover__background has-black-background-color has-background-dim\"><\/span><img loading=\"lazy\" decoding=\"async\" width=\"1280\" height=\"852\" class=\"wp-block-cover__image-background wp-image-180\" alt=\"\" src=\"https:\/\/tamiazzodesign.it\/projects\/puntocasa\/wp-content\/uploads\/2024\/11\/road-6881040_1280.jpg\" data-object-fit=\"cover\" srcset=\"https:\/\/tamiazzodesign.it\/projects\/puntocasa\/wp-content\/uploads\/2024\/11\/road-6881040_1280.jpg 1280w, https:\/\/tamiazzodesign.it\/projects\/puntocasa\/wp-content\/uploads\/2024\/11\/road-6881040_1280-300x200.jpg 300w, https:\/\/tamiazzodesign.it\/projects\/puntocasa\/wp-content\/uploads\/2024\/11\/road-6881040_1280-1024x682.jpg 1024w, https:\/\/tamiazzodesign.it\/projects\/puntocasa\/wp-content\/uploads\/2024\/11\/road-6881040_1280-768x511.jpg 768w\" sizes=\"auto, (max-width: 1280px) 100vw, 1280px\" \/><div class=\"wp-block-cover__inner-container is-layout-constrained wp-block-cover-is-layout-constrained\">\n<h1 class=\"wp-block-heading has-text-align-center has-x-large-font-size\">Chi siamo<\/h1>\n<\/div><\/div>\n\n\n\n<div class=\"wp-block-group is-layout-constrained wp-block-group-is-layout-constrained\">\n<div style=\"height:100px\" aria-hidden=\"true\" class=\"wp-block-spacer\"><\/div>\n\n\n\n<h3 class=\"wp-block-heading has-text-align-center has-large-font-size\" style=\"font-style:normal;font-weight:100\">Benvenuti su <strong><mark style=\"background-color:rgba(0, 0, 0, 0)\" class=\"has-inline-color has-link-color-color\">Punto casa<\/mark><\/strong>, la tua agenzia di fiducia per tutte le esigenze immobiliari.<\/h3>\n\n\n\n<p class=\"has-text-align-center\" style=\"font-size:clamp(0.875rem, 0.875rem + ((1vw - 0.2rem) * 0.591), 1.2rem);\"> Da anni siamo il punto di riferimento per chi cerca di comprare, <mark style=\"background-color:rgba(0, 0, 0, 0)\" class=\"has-inline-color has-link-color-color\">vendere<\/mark> o <mark style=\"background-color:rgba(0, 0, 0, 0)\" class=\"has-inline-color has-link-color-color\">affittare<\/mark> immobili con la massima serenit\u00e0 e competenza. <\/p>\n\n\n\n<div class=\"wp-block-buttons is-content-justification-center is-layout-flex wp-container-core-buttons-is-layout-a89b3969 wp-block-buttons-is-layout-flex\">\n<div class=\"wp-block-button has-custom-width wp-block-button__width-50 is-style-fill\" style=\"text-transform:uppercase\"><a class=\"wp-block-button__link wp-element-button\" style=\"border-radius:0px\">Affidaci il tuo immobile<\/a><\/div>\n<\/div>\n\n\n\n<div style=\"height:100px\" aria-hidden=\"true\" class=\"wp-block-spacer\"><\/div>\n<\/div>\n\n\n\n<div class=\"wp-block-media-text alignwide is-stacked-on-mobile\"><figure class=\"wp-block-media-text__media\"><img loading=\"lazy\" decoding=\"async\" width=\"1024\" height=\"683\" src=\"https:\/\/tamiazzodesign.it\/projects\/puntocasa\/wp-content\/uploads\/2024\/11\/charlesdeluvio-Lks7vei-eAg-unsplash-1-1024x683.jpg\" alt=\"\" class=\"wp-image-66 size-full\" srcset=\"https:\/\/tamiazzodesign.it\/projects\/puntocasa\/wp-content\/uploads\/2024\/11\/charlesdeluvio-Lks7vei-eAg-unsplash-1-1024x683.jpg 1024w, https:\/\/tamiazzodesign.it\/projects\/puntocasa\/wp-content\/uploads\/2024\/11\/charlesdeluvio-Lks7vei-eAg-unsplash-1-300x200.jpg 300w, https:\/\/tamiazzodesign.it\/projects\/puntocasa\/wp-content\/uploads\/2024\/11\/charlesdeluvio-Lks7vei-eAg-unsplash-1-768x512.jpg 768w, https:\/\/tamiazzodesign.it\/projects\/puntocasa\/wp-content\/uploads\/2024\/11\/charlesdeluvio-Lks7vei-eAg-unsplash-1.jpg 1462w\" sizes=\"auto, (max-width: 1024px) 100vw, 1024px\" \/><\/figure><div class=\"wp-block-media-text__content\">\n<div style=\"height:100px\" aria-hidden=\"true\" class=\"wp-block-spacer\"><\/div>\n\n\n\n<h3 class=\"wp-block-heading\">La Nostra Storia<\/h3>\n\n\n\n<p>Fondata nel 1998, <strong><mark style=\"background-color:rgba(0, 0, 0, 0)\" class=\"has-inline-color has-link-color-color\">Punto casa<\/mark> <\/strong> nasce con l&#8217;idea di offrire un servizio innovativo e personalizzato nel mercato immobiliare.<\/p>\n\n\n\n<p>Con una solida esperienza nel settore e una profonda conoscenza del territorio, siamo riusciti a costruire una reputazione basata su affidabilit\u00e0, trasparenza e successo.<\/p>\n\n\n\n<div style=\"height:100px\" aria-hidden=\"true\" class=\"wp-block-spacer\"><\/div>\n<\/div><\/div>\n\n\n\n<div style=\"height:100px\" aria-hidden=\"true\" class=\"wp-block-spacer\"><\/div>\n\n\n\n<hr class=\"wp-block-separator has-alpha-channel-opacity\"\/>\n\n\n\n<h3 class=\"wp-block-heading has-text-align-center has-x-large-font-size\" style=\"font-style:normal;font-weight:100\"><strong>Cosa Facciamo<\/strong><\/h3>\n\n\n\n<p class=\"has-text-align-center has-link-color-color has-text-color has-link-color has-medium-font-size wp-elements-1598ffbf5187dba6277472b8541596f0\" style=\"text-transform:uppercase\">I nostri servizi<\/p>\n\n\n\n<div style=\"height:50px\" aria-hidden=\"true\" class=\"wp-block-spacer\"><\/div>\n\n\n\n<div class=\"wp-block-columns is-layout-flex wp-container-core-columns-is-layout-28f84493 wp-block-columns-is-layout-flex\">\n<div class=\"wp-block-column is-layout-flow wp-block-column-is-layout-flow\">\n<h3 class=\"wp-block-heading\">Vendita e Acquisto di Immobili<\/h3>\n\n\n\n<p style=\"padding-left:0\">Dalla valutazione dell&#8217;immobile alla firma del contratto, ti accompagniamo in ogni fase del processo di compravendita con consulenze personalizzate.<\/p>\n<\/div>\n\n\n\n<div class=\"wp-block-column is-layout-flow wp-block-column-is-layout-flow\">\n<h3 class=\"wp-block-heading\">Affitti Residenziali e Commerciali<\/h3>\n\n\n\n<p>Se sei alla ricerca di una casa o di un immobile commerciale, ti aiutiamo a trovare la soluzione ideale che rispecchi le tue necessit\u00e0.<\/p>\n<\/div>\n<\/div>\n\n\n\n<div style=\"height:100px\" aria-hidden=\"true\" class=\"wp-block-spacer\"><\/div>\n\n\n\n<hr class=\"wp-block-separator has-alpha-channel-opacity\"\/>\n\n\n\n<div style=\"height:30px\" aria-hidden=\"true\" class=\"wp-block-spacer\"><\/div>\n\n\n\n<h3 class=\"wp-block-heading has-text-align-center has-x-large-font-size\" style=\"font-style:normal;font-weight:100\"><strong>I Nostri Valori<\/strong><\/h3>\n\n\n\n<p class=\"has-text-align-center has-link-color-color has-text-color has-link-color has-medium-font-size wp-elements-dacf74806c7eda7cd0b1f8d003ff97c2\" style=\"text-transform:uppercase\">La nostra filosofia<\/p>\n\n\n\n<div style=\"height:50px\" aria-hidden=\"true\" class=\"wp-block-spacer\"><\/div>\n\n\n\n<div class=\"wp-block-columns is-layout-flex wp-container-core-columns-is-layout-28f84493 wp-block-columns-is-layout-flex\">\n<div class=\"wp-block-column is-layout-flow wp-block-column-is-layout-flow\">\n<h3 class=\"wp-block-heading\">Esperienza e Competenza<\/h3>\n\n\n\n<p style=\"padding-left:0\">Con oltre <strong><mark style=\"background-color:rgba(0, 0, 0, 0)\" class=\"has-inline-color has-link-color-color\">30<\/mark><\/strong> anni nel settore, siamo in grado di offrire soluzioni efficaci e tempestive per ogni tipo di richiesta.<\/p>\n<\/div>\n\n\n\n<div class=\"wp-block-column is-layout-flow wp-block-column-is-layout-flow\">\n<h3 class=\"wp-block-heading\">Conoscenza del Mercato<\/h3>\n\n\n\n<p>Conoscendo profondamente il mercato locale, siamo in grado di guidarti verso le migliori opportunit\u00e0, sia che tu stia cercando la tua casa ideale, sia che tu voglia investire nel settore immobiliare.<\/p>\n<\/div>\n\n\n\n<div class=\"wp-block-column is-layout-flow wp-block-column-is-layout-flow\">\n<h3 class=\"wp-block-heading\">Servizio Personalizzato<\/h3>\n\n\n\n<p>Ogni cliente ha esigenze uniche. Il nostro obiettivo \u00e8 ascoltare e comprendere ogni tua necessit\u00e0 per offrirti la soluzione pi\u00f9 adatta.<\/p>\n<\/div>\n<\/div>\n\n\n\n<div style=\"height:100px\" aria-hidden=\"true\" class=\"wp-block-spacer\"><\/div>\n\n\n\n<div class=\"wp-block-media-text alignwide has-media-on-the-right is-stacked-on-mobile\" style=\"grid-template-columns:auto 60%\"><div class=\"wp-block-media-text__content\">\n<div style=\"height:100px\" aria-hidden=\"true\" class=\"wp-block-spacer\"><\/div>\n\n\n\n<div class=\"wp-block-group mgr-neg has-white-background-color has-background is-layout-constrained wp-block-group-is-layout-constrained\" style=\"border-style:none;border-width:0px;border-radius:30px;box-shadow:var(--wp--preset--shadow--deep)\">\n<h3 class=\"wp-block-heading\">Perch\u00e9 Scegliere Noi<\/h3>\n\n\n\n<p><mark style=\"background-color:rgba(0, 0, 0, 0)\" class=\"has-inline-color has-link-color-color\"><strong>Esperienza e Competenza: <\/strong><\/mark>Con oltre [X] anni nel settore, siamo in grado di offrire soluzioni efficaci e tempestive per ogni tipo di richiesta.<\/p>\n\n\n\n<p><strong><mark style=\"background-color:rgba(0, 0, 0, 0)\" class=\"has-inline-color has-link-color-color\">Trasparenza:<\/mark><\/strong> Ogni passo del processo \u00e8 chiaro e comprensibile. Non ci sono costi nascosti o sorprese, solo una comunicazione aperta e sincera.<\/p>\n\n\n\n<p><strong><mark style=\"background-color:rgba(0, 0, 0, 0)\" class=\"has-inline-color has-link-color-color\">Servizio Personalizzato: <\/mark><\/strong>Ogni cliente ha esigenze uniche. Il nostro obiettivo \u00e8 ascoltare e comprendere ogni tua necessit\u00e0 per offrirti la soluzione pi\u00f9 adatta.<\/p>\n\n\n\n<p><strong><mark style=\"background-color:rgba(0, 0, 0, 0)\" class=\"has-inline-color has-link-color-color\">Conoscenza del Mercato:<\/mark><\/strong> Conoscendo profondamente il mercato locale, siamo in grado di guidarti verso le migliori opportunit\u00e0, sia che tu stia cercando la tua casa ideale, sia che tu voglia investire nel settore immobiliare.<\/p>\n<\/div>\n\n\n\n<div style=\"height:100px\" aria-hidden=\"true\" class=\"wp-block-spacer\"><\/div>\n<\/div><figure class=\"wp-block-media-text__media\"><img loading=\"lazy\" decoding=\"async\" width=\"1024\" height=\"683\" src=\"https:\/\/tamiazzodesign.it\/projects\/puntocasa\/wp-content\/uploads\/2024\/11\/charlesdeluvio-Lks7vei-eAg-unsplash-1-1024x683.jpg\" alt=\"\" class=\"wp-image-66 size-full\" srcset=\"https:\/\/tamiazzodesign.it\/projects\/puntocasa\/wp-content\/uploads\/2024\/11\/charlesdeluvio-Lks7vei-eAg-unsplash-1-1024x683.jpg 1024w, https:\/\/tamiazzodesign.it\/projects\/puntocasa\/wp-content\/uploads\/2024\/11\/charlesdeluvio-Lks7vei-eAg-unsplash-1-300x200.jpg 300w, https:\/\/tamiazzodesign.it\/projects\/puntocasa\/wp-content\/uploads\/2024\/11\/charlesdeluvio-Lks7vei-eAg-unsplash-1-768x512.jpg 768w, https:\/\/tamiazzodesign.it\/projects\/puntocasa\/wp-content\/uploads\/2024\/11\/charlesdeluvio-Lks7vei-eAg-unsplash-1.jpg 1462w\" sizes=\"auto, (max-width: 1024px) 100vw, 1024px\" \/><\/figure><\/div>\n\n\n\n<div class=\"wp-block-group is-layout-constrained wp-block-group-is-layout-constrained\">\n<div style=\"height:100px\" aria-hidden=\"true\" class=\"wp-block-spacer\"><\/div>\n\n\n\n<h3 class=\"wp-block-heading has-text-align-center has-large-font-size\" style=\"font-style:normal;font-weight:100\">Non esitare a <mark style=\"background-color:rgba(0, 0, 0, 0)\" class=\"has-inline-color has-link-color-color\"><strong>contattarci!<\/strong><\/mark> <br> Siamo pronti a <mark style=\"background-color:rgba(0, 0, 0, 0)\" class=\"has-inline-color has-link-color-color\">realizzare insieme<\/mark> il tuo prossimo progetto immobiliare.<\/h3>\n\n\n\n<div class=\"wp-block-buttons is-content-justification-center is-layout-flex wp-container-core-buttons-is-layout-a89b3969 wp-block-buttons-is-layout-flex\">\n<div class=\"wp-block-button has-custom-width wp-block-button__width-50 is-style-fill\" style=\"text-transform:uppercase\"><a class=\"wp-block-button__link wp-element-button\" style=\"border-radius:0px\">Affidaci il tuo immobile<\/a><\/div>\n<\/div>\n\n\n\n<div style=\"height:100px\" aria-hidden=\"true\" class=\"wp-block-spacer\"><\/div>\n<\/div>\n\n\n\n<div style=\"height:30px\" aria-hidden=\"true\" class=\"wp-block-spacer\"><\/div>\n","protected":false},"excerpt":{"rendered":"<p>Benvenuti su Punto casa, la tua agenzia di fiducia per tutte le esigenze immobiliari. Da anni siamo il punto di riferimento per chi cerca di comprare, vendere o affittare immobili con la massima serenit\u00e0 e competenza. Cosa Facciamo I nostri servizi Vendita e Acquisto di Immobili Dalla valutazione dell&#8217;immobile alla firma del contratto, ti accompagniamo [&hellip;]<\/p>\n","protected":false},"author":1,"featured_media":0,"parent":0,"menu_order":0,"comment_status":"closed","ping_status":"closed","template":"page-templates\/menu-trasparent.php","meta":{"_acf_changed":false,"footnotes":""},"class_list":["post-179","page","type-page","status-publish","hentry"],"acf":[],"_links":{"self":[{"href":"https:\/\/tamiazzodesign.it\/projects\/puntocasa\/wp-json\/wp\/v2\/pages\/179","targetHints":{"allow":["GET"]}}],"collection":[{"href":"https:\/\/tamiazzodesign.it\/projects\/puntocasa\/wp-json\/wp\/v2\/pages"}],"about":[{"href":"https:\/\/tamiazzodesign.it\/projects\/puntocasa\/wp-json\/wp\/v2\/types\/page"}],"author":[{"embeddable":true,"href":"https:\/\/tamiazzodesign.it\/projects\/puntocasa\/wp-json\/wp\/v2\/users\/1"}],"replies":[{"embeddable":true,"href":"https:\/\/tamiazzodesign.it\/projects\/puntocasa\/wp-json\/wp\/v2\/comments?post=179"}],"version-history":[{"count":16,"href":"https:\/\/tamiazzodesign.it\/projects\/puntocasa\/wp-json\/wp\/v2\/pages\/179\/revisions"}],"predecessor-version":[{"id":203,"href":"https:\/\/tamiazzodesign.it\/projects\/puntocasa\/wp-json\/wp\/v2\/pages\/179\/revisions\/203"}],"wp:attachment":[{"href":"https:\/\/tamiazzodesign.it\/projects\/puntocasa\/wp-json\/wp\/v2\/media?parent=179"}],"curies":[{"name":"wp","href":"https:\/\/api.w.org\/{rel}","templated":true}]}}